{"id":766,"date":"2025-04-25T10:52:41","date_gmt":"2025-04-25T10:52:41","guid":{"rendered":"https:\/\/www.kodinkuvaajat.fi\/?page_id=766"},"modified":"2026-04-30T15:10:32","modified_gmt":"2026-04-30T15:10:32","slug":"virtualtour","status":"publish","type":"page","link":"http:\/\/www.kodinkuvaajat.fi\/index.php\/aloitus\/virtualtour\/","title":{"rendered":"Virtualtour"},"content":{"rendered":"<div class=\"vce-row-container\" data-vce-boxed-width=\"true\"><div class=\"vce-row vce-row--col-gap-30 vce-row-equal-height vce-row-content--top\" id=\"el-f359187c\" data-vce-do-apply=\"all el-f359187c\"><div class=\"vce-row-content\" data-vce-element-content=\"true\"><div class=\"vce-col vce-col--md-auto vce-col--xs-1 vce-col--xs-last vce-col--xs-first vce-col--sm-last vce-col--sm-first vce-col--md-last vce-col--lg-last vce-col--xl-last vce-col--md-first vce-col--lg-first vce-col--xl-first\" id=\"el-7febb17f\"><div class=\"vce-col-inner\" data-vce-do-apply=\"border margin background  el-7febb17f\"><div class=\"vce-content-background-container\"><\/div><div class=\"vce-col-content\" data-vce-element-content=\"true\" data-vce-do-apply=\"padding el-7febb17f\"><div class=\"vce-text-block\"><div class=\"vce-text-block-wrapper vce\" id=\"el-f92f0709\" data-vce-do-apply=\"all el-f92f0709\"><h1 style=\"text-align: center; line-height: 1;\"><span style=\"font-size: 24pt;\"><strong><span class=\"TextRun SCXW211351131 BCX4\" lang=\"FI-FI\" xml:lang=\"FI-FI\" data-contrast=\"none\"><span class=\"NormalTextRun SCXW211351131 BCX4\" data-ccp-parastyle=\"heading 1\">Matterport <\/span><\/span><span class=\"NoBreakHyphenBlob BlobObject DragDrop SCXW211351131 BCX4\">\u2011 <\/span><span class=\"TextRun SCXW211351131 BCX4\" lang=\"FI-FI\" xml:lang=\"FI-FI\" data-contrast=\"none\"><span class=\"NormalTextRun SCXW211351131 BCX4\" data-ccp-parastyle=\"heading 1\">virtuaalikierrokset <\/span><span class=\"NormalTextRun SCXW211351131 BCX4\" data-ccp-parastyle=\"heading 1\">ovat <\/span><\/span><\/strong><\/span><span style=\"font-size: 24pt;\"><strong><span class=\"TextRun SCXW211351131 BCX4\" lang=\"FI-FI\" xml:lang=\"FI-FI\" data-contrast=\"none\"><span class=\"NormalTextRun SCXW211351131 BCX4\" data-ccp-parastyle=\"heading 1\">t<\/span><span class=\"NormalTextRun SCXW211351131 BCX4\" style=\"letter-spacing: inherit;\" data-ccp-parastyle=\"heading 1\">ehokas tapa esitell\u00e4 kiinteist\u00f6j\u00e4 ja erilaisia tiloja<\/span><\/span><span class=\"EOP Selected SCXW211351131 BCX4\" data-ccp-props=\"{&quot;134233117&quot;:false,&quot;134233118&quot;:false,&quot;134245418&quot;:true,&quot;134245529&quot;:true,&quot;201341983&quot;:0,&quot;335551550&quot;:0,&quot;335551620&quot;:0,&quot;335559738&quot;:281,&quot;335559739&quot;:281,&quot;335559740&quot;:300}\">&nbsp;<\/span><\/strong><\/span><\/h1><\/div><\/div><\/div><\/div><\/div><\/div><\/div><\/div><div class=\"vce-row-container\"><div class=\"vce-row vce-element--has-background vce-row--col-gap-30 vce-row-equal-height vce-row-content--top\" data-vce-full-width=\"true\" id=\"el-7bf5be10\" data-vce-do-apply=\"all el-7bf5be10\"><div class=\"vce-content-background-container\"><\/div><div class=\"vce-row-content\" data-vce-element-content=\"true\"><div class=\"vce-col vce-col--md-auto vce-col--xs-1 vce-col--xs-last vce-col--xs-first vce-col--sm-last vce-col--sm-first vce-col--md-first vce-col--lg-first vce-col--xl-first\" id=\"el-cf66b769\"><div class=\"vce-col-inner\" data-vce-do-apply=\"border margin background  el-cf66b769\"><div class=\"vce-col-content\" data-vce-element-content=\"true\" data-vce-do-apply=\"padding el-cf66b769\"><div class=\"vce-row-container\" data-vce-boxed-width=\"true\"><div class=\"vce-row vce-row--col-gap-30 vce-row-equal-height vce-row-content--top\" id=\"el-e12394a7\" data-vce-do-apply=\"all el-e12394a7\"><div class=\"vce-row-content\" data-vce-element-content=\"true\"><div class=\"vce-col vce-col--md-auto vce-col--xs-1 vce-col--xs-last vce-col--xs-first vce-col--sm-last vce-col--sm-first vce-col--md-last vce-col--lg-last vce-col--xl-last vce-col--md-first vce-col--lg-first vce-col--xl-first\" id=\"el-d39ec593\"><div class=\"vce-col-inner\" data-vce-do-apply=\"border margin background  el-d39ec593\"><div class=\"vce-col-content\" data-vce-element-content=\"true\" data-vce-do-apply=\"padding el-d39ec593\"><div class=\"vce-text-block\"><div class=\"vce-text-block-wrapper vce\" id=\"el-3e5a09d3\" data-vce-do-apply=\"all el-3e5a09d3\"><p><span style=\"font-size: 16pt;\">Kodin kuvaajat toteuttavat korkealaatuisia Matterport\u2011virtuaalikierroksia, jotka tarjoavat asiakkaillesi realistisen ja interaktiivisen tavan tutustua kohteeseen et\u00e4n\u00e4. Moderni 3D\u2011tekniikka auttaa esittelem\u00e4\u00e4n kodit, kiinteist\u00f6t ja yritystilat n\u00e4ytt\u00e4v\u00e4sti \u2013 ja lis\u00e4\u00e4 samalla kohteen kiinnostavuutta verkossa.&nbsp;<\/span><\/p>\n<h2 style=\"line-height: inherit;\" aria-level=\"2\">&nbsp;<\/h2>\n<h2 aria-level=\"2\"><span style=\"font-size: 18pt;\"><b>Mit\u00e4 on Matterport<\/b>\u2011<b>virtuaalikierros?<\/b>&nbsp;<\/span><\/h2>\n<p><span style=\"font-size: 16pt;\">Matterport\u2011virtuaalikierros&nbsp;on kolmiulotteinen 3D\u2011esittely, joka mahdollistaa tilassa liikkumisen aivan kuin olisit paikan p\u00e4\u00e4ll\u00e4. Se on yksi suosituimmista tavoista esitell\u00e4 asuntoja, toimitiloja ja majoituskohteita verkossa, koska kierros tarjoaa tarkan ja luotettavan kokonaiskuvan tiloista.&nbsp;<\/span><\/p><\/div><\/div><\/div><\/div><\/div><\/div><\/div><\/div><\/div><\/div><\/div><div class=\"vce-col vce-col--md-auto vce-col--xs-1 vce-col--xs-last vce-col--xs-first vce-col--sm-last vce-col--sm-first vce-col--md-last vce-col--lg-last vce-col--xl-last\" id=\"el-e9989eaa\"><div class=\"vce-col-inner\" data-vce-do-apply=\"border margin background  el-e9989eaa\"><div class=\"vce-col-content\" data-vce-element-content=\"true\" data-vce-do-apply=\"padding el-e9989eaa\"><div class=\"vce-single-image-container vce-single-image--align-left\"><div class=\"vce vce-single-image-wrapper\" id=\"el-ce02b4f3\" data-vce-do-apply=\"all el-ce02b4f3\"><figure><div class=\"vce-single-image-figure-inner\" style=\"width: 1024px;\"><div class=\"vce-single-image-inner vce-single-image--absolute\" style=\"width: 100%; padding-bottom: 100%;\"><img fetchpriority=\"high\" decoding=\"async\" class=\"vce-single-image\"  width=\"1024\" height=\"1024\" srcset=\"http:\/\/www.kodinkuvaajat.fi\/wp-content\/uploads\/2024\/05\/Matterport-02-1-e1733390694232-1024x1024.jpg 1024w, http:\/\/www.kodinkuvaajat.fi\/wp-content\/uploads\/2024\/05\/Matterport-02-1-e1733390694232-320x320.jpg 320w, http:\/\/www.kodinkuvaajat.fi\/wp-content\/uploads\/2024\/05\/Matterport-02-1-e1733390694232-480x480.jpg 480w, http:\/\/www.kodinkuvaajat.fi\/wp-content\/uploads\/2024\/05\/Matterport-02-1-e1733390694232-800x800.jpg 800w\" src=\"http:\/\/www.kodinkuvaajat.fi\/wp-content\/uploads\/2024\/05\/Matterport-02-1-e1733390694232-1024x1024.jpg\" data-img-src=\"http:\/\/www.kodinkuvaajat.fi\/wp-content\/uploads\/2024\/05\/Matterport-02-1-e1733390694232.jpg\" data-attachment-id=\"247\"  alt=\"\" title=\"Matterport 02\" \/><\/div><\/div><figcaption hidden=\"\"><\/figcaption><\/figure><\/div><\/div><\/div><\/div><\/div><\/div><\/div><\/div><div class=\"vce-row-container\"><div class=\"vce-row vce-element--has-background vce-row--col-gap-30 vce-row-equal-height vce-row-content--top\" data-vce-full-width=\"true\" id=\"el-6e4ba014\" data-vce-do-apply=\"all el-6e4ba014\"><div class=\"vce-content-background-container\"><\/div><div class=\"vce-row-content\" data-vce-element-content=\"true\"><div class=\"vce-col vce-col--md-auto vce-col--xs-1 vce-col--xs-last vce-col--xs-first vce-col--sm-last vce-col--sm-first vce-col--md-first vce-col--lg-first vce-col--xl-first\" id=\"el-270191a7\"><div class=\"vce-col-inner\" data-vce-do-apply=\"border margin background  el-270191a7\"><div class=\"vce-col-content\" data-vce-element-content=\"true\" data-vce-do-apply=\"padding el-270191a7\"><div class=\"vce-text-block\"><div class=\"vce-text-block-wrapper vce\" id=\"el-0a8b7c80\" data-vce-do-apply=\"all el-0a8b7c80\"><h2><span style=\"font-size: 18pt;\"><strong>Kiinteist\u00f6nv\u00e4litys<\/strong><\/span><\/h2>\n<p>Anna potentiaalisten ostajien tutustua myyt\u00e4v\u00e4\u00e4n asuntoon tai kiinteist\u00f6\u00f6n virtuaalisesti. He voivat k\u00e4vell\u00e4 huoneesta toiseen ja saada todellisen tuntuman tilasta ilman, ett\u00e4 heid\u00e4n tarvitsee fyysisesti olla paikalla.<\/p><\/div><\/div><div class=\"vce-text-block\"><div class=\"vce-text-block-wrapper vce\" id=\"el-46e209d6\" data-vce-do-apply=\"all el-46e209d6\"><h2><span style=\"font-size: 18pt;\"><strong>Rakennus ja arkkitehtuuri<\/strong><\/span><\/h2>\n<p>Arkkitehdit ja rakennusalan ammattilaiset voivat k\u00e4ytt\u00e4\u00e4 3D-malleja suunnittelun ja projektinhallinnan tukena. T\u00e4m\u00e4 auttaa visualisoimaan tiloja ja tekem\u00e4\u00e4n tarkempia suunnitelmia.<\/p><\/div><\/div><div class=\"vce-text-block\"><div class=\"vce-text-block-wrapper vce\" id=\"el-a5d3f7a4\" data-vce-do-apply=\"all el-a5d3f7a4\"><h2><span style=\"font-size: 18pt;\">Tapahtumat ja n\u00e4yttelyt<\/span><\/h2>\n<p>Tapahtumaj\u00e4rjest\u00e4j\u00e4t voivat luoda virtuaalikierroksia tapahtumapaikoista, mik\u00e4 auttaa asiakkaita n\u00e4kem\u00e4\u00e4n tilat ja suunnittelemaan tapahtumiaan tehokkaammin.<\/p><\/div><\/div><\/div><\/div><\/div><div class=\"vce-col vce-col--md-auto vce-col--xs-1 vce-col--xs-last vce-col--xs-first vce-col--sm-last vce-col--sm-first vce-col--md-last vce-col--lg-last vce-col--xl-last\" id=\"el-ccbe16aa\"><div class=\"vce-col-inner\" data-vce-do-apply=\"border margin background  el-ccbe16aa\"><div class=\"vce-col-content\" data-vce-element-content=\"true\" data-vce-do-apply=\"padding el-ccbe16aa\"><div class=\"vce-text-block\"><div class=\"vce-text-block-wrapper vce\" id=\"el-25d4ecf9\" data-vce-do-apply=\"all el-25d4ecf9\"><h2><span style=\"font-size: 18pt;\">Matkailu<\/span><\/h2>\n<p>Hotellit, lomakohteet ja matkailukohteet voivat tarjota vieraille mahdollisuuden tutustua tiloihin etuk\u00e4teen. T\u00e4m\u00e4 auttaa vieraita tekem\u00e4\u00e4n p\u00e4\u00e4t\u00f6ksi\u00e4 ja lis\u00e4\u00e4 varausten m\u00e4\u00e4r\u00e4\u00e4.<\/p><\/div><\/div><div class=\"vce-text-block\"><div class=\"vce-text-block-wrapper vce\" id=\"el-02725568\" data-vce-do-apply=\"all el-02725568\"><h2><span style=\"font-size: 18pt;\">Koulutus ja koulutuslaitokset<\/span><\/h2>\n<p>Koulut ja yliopistot voivat tarjota virtuaalikierroksia kampuksella, mik\u00e4 auttaa uusia opiskelijoita tutustumaan tiloihin ja tekee p\u00e4\u00e4t\u00f6ksenteosta helpompaa.<\/p><\/div><\/div><div class=\"vce-text-block\"><div class=\"vce-text-block-wrapper vce\" id=\"el-401eec31\" data-vce-do-apply=\"all el-401eec31\"><h2><span style=\"font-size: 18pt;\">V\u00e4hitt\u00e4iskauppa<\/span><\/h2>\n<p><span style=\"font-size: 12pt;\">Kaupat ja ostoskeskukset voivat tarjota asiakkaille mahdollisuuden tutustua valikoimaan ja tiloihin virtuaalisesti, mik\u00e4 parantaa asiakaskokemusta ja lis\u00e4\u00e4 myynti\u00e4.<\/span><\/p><\/div><\/div><\/div><\/div><\/div><\/div><\/div><\/div><div class=\"vce-row-container\"><div class=\"vce-row vce-row--col-gap-0 vce-row-wrap--reverse vce-row-no-paddings vce-row-full-height vce-row-equal-height vce-row-columns--top vce-row-content--top\" data-vce-full-width=\"true\" data-vce-stretch-content=\"true\" id=\"el-b7ae42af\" data-vce-do-apply=\"all el-b7ae42af\"><div class=\"vce-content-background-container\"><\/div><div class=\"vce-row-content\" data-vce-element-content=\"true\"><div class=\"vce-col vce-col--md-auto vce-col--xs-1 vce-col--xs-last vce-col--xs-first vce-col--sm-last vce-col--sm-first vce-col--md-last vce-col--lg-last vce-col--xl-last vce-col--md-first vce-col--lg-first vce-col--xl-first\" id=\"el-06e5bf8c\"><div class=\"vce-col-inner\" data-vce-do-apply=\"border margin background  el-06e5bf8c\"><div class=\"vce-col-content\" data-vce-element-content=\"true\" data-vce-do-apply=\"padding el-06e5bf8c\"><div class=\"vce-shortcode\"><div class=\"vce-shortcode-wrapper vce\" id=\"el-62da7d96\" data-vce-do-apply=\"all el-62da7d96\"><iframe width=\"800\" height=\"800\" src=\"https:\/\/virtualtours.kodinkuvaajat.fi\/tour\/uniikki-014bc6d6\" frameborder=\"0\" allowfullscreen=\"\" allow=\"autoplay; fullscreen; web-share; xr-spatial-tracking;\" style=\"width: 100%;\"><\/iframe><\/div><\/div><\/div><\/div><\/div><\/div><\/div><\/div>\n","protected":false},"excerpt":{"rendered":"<p>Matterport \u2011 virtuaalikierrokset ovat tehokas tapa esitell\u00e4 kiinteist\u00f6j\u00e4 ja erilaisia tiloja&nbsp;Kodin kuvaajat toteuttavat korkealaatuisia Matterport\u2011virtuaalikierroksia, jotka tarjoavat asiakkaillesi realistisen ja interaktiivisen tavan tutustua kohteeseen et\u00e4n\u00e4. Moderni 3D\u2011tekniikka auttaa esittelem\u00e4\u00e4n kodit, kiinteist\u00f6t ja yritystilat n\u00e4ytt\u00e4v\u00e4sti \u2013 ja lis\u00e4\u00e4 samalla kohteen kiinnostavuutta verkossa.&nbsp; &nbsp; Mit\u00e4 on Matterport\u2011virtuaalikierros?&nbsp; Matterport\u2011virtuaalikierros&nbsp;on kolmiulotteinen 3D\u2011esittely, joka mahdollistaa tilassa liikkumisen aivan kuin olisit [&hellip;]<\/p>\n","protected":false},"author":1,"featured_media":0,"parent":45,"menu_order":0,"comment_status":"closed","ping_status":"closed","template":"","meta":{"footnotes":""},"_links":{"self":[{"href":"http:\/\/www.kodinkuvaajat.fi\/index.php\/wp-json\/wp\/v2\/pages\/766"}],"collection":[{"href":"http:\/\/www.kodinkuvaajat.fi\/index.php\/wp-json\/wp\/v2\/pages"}],"about":[{"href":"http:\/\/www.kodinkuvaajat.fi\/index.php\/wp-json\/wp\/v2\/types\/page"}],"author":[{"embeddable":true,"href":"http:\/\/www.kodinkuvaajat.fi\/index.php\/wp-json\/wp\/v2\/users\/1"}],"replies":[{"embeddable":true,"href":"http:\/\/www.kodinkuvaajat.fi\/index.php\/wp-json\/wp\/v2\/comments?post=766"}],"version-history":[{"count":91,"href":"http:\/\/www.kodinkuvaajat.fi\/index.php\/wp-json\/wp\/v2\/pages\/766\/revisions"}],"predecessor-version":[{"id":910,"href":"http:\/\/www.kodinkuvaajat.fi\/index.php\/wp-json\/wp\/v2\/pages\/766\/revisions\/910"}],"up":[{"embeddable":true,"href":"http:\/\/www.kodinkuvaajat.fi\/index.php\/wp-json\/wp\/v2\/pages\/45"}],"wp:attachment":[{"href":"http:\/\/www.kodinkuvaajat.fi\/index.php\/wp-json\/wp\/v2\/media?parent=766"}],"curies":[{"name":"wp","href":"https:\/\/api.w.org\/{rel}","templated":true}]}}